{"id":523,"date":"2020-11-24T09:28:08","date_gmt":"2020-11-24T08:28:08","guid":{"rendered":"https:\/\/www.teatrotrianon.org\/?page_id=523"},"modified":"2020-11-24T09:28:08","modified_gmt":"2020-11-24T08:28:08","slug":"pwa","status":"publish","type":"page","link":"https:\/\/www.teatrotrianon.org\/en\/pwa\/","title":{"rendered":"PWA"},"content":{"rendered":"<p>Con il termine Progressive Web App (PWA, in italiano applicazione web progressiva) si riferisce ad applicazioni web che vengono sviluppate e caricate come normali pagine web, ma che si comportano in modo simile alle applicazioni native per cellulari quando utilizzate su un dispositivo mobile. Questo modello di applicazioni cerca di combinare le possibilit\u00e0 offerte dalla maggior parte dei moderni browser con i benefici dell&#8217;utilizzo in mobilit\u00e0.<\/p>\n<p>Il termine Progressive si riferisce al fatto che, dal punto di vista dell&#8217;esperienza utente, queste applicazioni possono abilitare una serie di funzionalit\u00e0 aggiuntive alle normali pagine web a seconda delle funzionalit\u00e0 offerte dal dispositivo. Ad esempio il browser pu\u00f2 proporre all&#8217;utente di salvarle nella schermata home del terminale mobile, per essere percepite a tutti gli effetti come delle app per Android o iOs.<\/p>\n<p>L&#8217;applicazione PWA del Teatro Trianon \u00e8 gratuita e pu\u00f2 essere utilizzata sui dispositivi Android, iOs e Window Phone.<\/p>\n","protected":false},"excerpt":{"rendered":"<p>Con il termine Progressive Web App (PWA, in italiano applicazione web progressiva) si riferisce ad applicazioni web che vengono sviluppate e caricate come normali pagine web, ma che si comportano in modo simile alle applicazioni native per cellulari quando utilizzate su un dispositivo mobile. Questo modello di applicazioni cerca di combinare le possibilit\u00e0 offerte dalla<\/p>\n","protected":false},"author":2,"featured_media":1456,"parent":0,"menu_order":0,"comment_status":"closed","ping_status":"closed","template":"","meta":{"_acf_changed":false,"footnotes":""},"class_list":["post-523","page","type-page","status-publish","has-post-thumbnail","hentry"],"acf":[],"yoast_head":"<!-- This site is optimized with the Yoast SEO plugin v27.5 - https:\/\/yoast.com\/product\/yoast-seo-wordpress\/ -->\n<title>PWA - teatro Trianon Viviani<\/title>\n<meta name=\"robots\" content=\"index, follow, max-snippet:-1, max-image-preview:large, max-video-preview:-1\" \/>\n<link rel=\"canonical\" href=\"https:\/\/www.teatrotrianon.org\/en\/pwa\/\" \/>\n<meta property=\"og:locale\" content=\"en_US\" \/>\n<meta property=\"og:type\" content=\"article\" \/>\n<meta property=\"og:title\" content=\"PWA - teatro Trianon Viviani\" \/>\n<meta property=\"og:description\" content=\"Con il termine Progressive Web App (PWA, in italiano applicazione web progressiva) si riferisce ad applicazioni web che vengono sviluppate e caricate come normali pagine web, ma che si comportano in modo simile alle applicazioni native per cellulari quando utilizzate su un dispositivo mobile. Questo modello di applicazioni cerca di combinare le possibilit\u00e0 offerte dalla\" \/>\n<meta property=\"og:url\" content=\"https:\/\/www.teatrotrianon.org\/en\/pwa\/\" \/>\n<meta property=\"og:site_name\" content=\"teatro Trianon Viviani\" \/>\n<meta property=\"og:image\" content=\"https:\/\/www.teatrotrianon.org\/wp-content\/uploads\/2021\/01\/trianon_applicazione_pwa_adagio.jpg\" \/>\n\t<meta property=\"og:image:width\" content=\"1900\" \/>\n\t<meta property=\"og:image:height\" content=\"680\" \/>\n\t<meta property=\"og:image:type\" content=\"image\/jpeg\" \/>\n<meta name=\"twitter:card\" content=\"summary_large_image\" \/>\n<meta name=\"twitter:label1\" content=\"Est. reading time\" \/>\n\t<meta name=\"twitter:data1\" content=\"1 minute\" \/>\n<script type=\"application\/ld+json\" class=\"yoast-schema-graph\">{\"@context\":\"https:\\\/\\\/schema.org\",\"@graph\":[{\"@type\":\"WebPage\",\"@id\":\"https:\\\/\\\/www.teatrotrianon.org\\\/en\\\/pwa\\\/\",\"url\":\"https:\\\/\\\/www.teatrotrianon.org\\\/en\\\/pwa\\\/\",\"name\":\"PWA - teatro Trianon Viviani\",\"isPartOf\":{\"@id\":\"https:\\\/\\\/www.teatrotrianon.org\\\/en\\\/#website\"},\"primaryImageOfPage\":{\"@id\":\"https:\\\/\\\/www.teatrotrianon.org\\\/en\\\/pwa\\\/#primaryimage\"},\"image\":{\"@id\":\"https:\\\/\\\/www.teatrotrianon.org\\\/en\\\/pwa\\\/#primaryimage\"},\"thumbnailUrl\":\"https:\\\/\\\/www.teatrotrianon.org\\\/wp-content\\\/uploads\\\/2021\\\/01\\\/trianon_applicazione_pwa_adagio.jpg\",\"datePublished\":\"2020-11-24T08:28:08+00:00\",\"breadcrumb\":{\"@id\":\"https:\\\/\\\/www.teatrotrianon.org\\\/en\\\/pwa\\\/#breadcrumb\"},\"inLanguage\":\"en-US\",\"potentialAction\":[{\"@type\":\"ReadAction\",\"target\":[\"https:\\\/\\\/www.teatrotrianon.org\\\/en\\\/pwa\\\/\"]}]},{\"@type\":\"ImageObject\",\"inLanguage\":\"en-US\",\"@id\":\"https:\\\/\\\/www.teatrotrianon.org\\\/en\\\/pwa\\\/#primaryimage\",\"url\":\"https:\\\/\\\/www.teatrotrianon.org\\\/wp-content\\\/uploads\\\/2021\\\/01\\\/trianon_applicazione_pwa_adagio.jpg\",\"contentUrl\":\"https:\\\/\\\/www.teatrotrianon.org\\\/wp-content\\\/uploads\\\/2021\\\/01\\\/trianon_applicazione_pwa_adagio.jpg\",\"width\":1900,\"height\":680},{\"@type\":\"BreadcrumbList\",\"@id\":\"https:\\\/\\\/www.teatrotrianon.org\\\/en\\\/pwa\\\/#breadcrumb\",\"itemListElement\":[{\"@type\":\"ListItem\",\"position\":1,\"name\":\"Home\",\"item\":\"https:\\\/\\\/www.teatrotrianon.org\\\/en\\\/\"},{\"@type\":\"ListItem\",\"position\":2,\"name\":\"PWA\"}]},{\"@type\":\"WebSite\",\"@id\":\"https:\\\/\\\/www.teatrotrianon.org\\\/en\\\/#website\",\"url\":\"https:\\\/\\\/www.teatrotrianon.org\\\/en\\\/\",\"name\":\"teatro Trianon Viviani\",\"description\":\"il teatro della Canzone napoletana\",\"publisher\":{\"@id\":\"https:\\\/\\\/www.teatrotrianon.org\\\/en\\\/#organization\"},\"potentialAction\":[{\"@type\":\"SearchAction\",\"target\":{\"@type\":\"EntryPoint\",\"urlTemplate\":\"https:\\\/\\\/www.teatrotrianon.org\\\/en\\\/?s={search_term_string}\"},\"query-input\":{\"@type\":\"PropertyValueSpecification\",\"valueRequired\":true,\"valueName\":\"search_term_string\"}}],\"inLanguage\":\"en-US\"},{\"@type\":\"Organization\",\"@id\":\"https:\\\/\\\/www.teatrotrianon.org\\\/en\\\/#organization\",\"name\":\"Fondazione TRIANON VIVIANI\",\"url\":\"https:\\\/\\\/www.teatrotrianon.org\\\/en\\\/\",\"logo\":{\"@type\":\"ImageObject\",\"inLanguage\":\"en-US\",\"@id\":\"https:\\\/\\\/www.teatrotrianon.org\\\/en\\\/#\\\/schema\\\/logo\\\/image\\\/\",\"url\":\"https:\\\/\\\/www.teatrotrianon.org\\\/wp-content\\\/uploads\\\/2020\\\/10\\\/logo_trianon.png\",\"contentUrl\":\"https:\\\/\\\/www.teatrotrianon.org\\\/wp-content\\\/uploads\\\/2020\\\/10\\\/logo_trianon.png\",\"width\":254,\"height\":254,\"caption\":\"Fondazione TRIANON VIVIANI\"},\"image\":{\"@id\":\"https:\\\/\\\/www.teatrotrianon.org\\\/en\\\/#\\\/schema\\\/logo\\\/image\\\/\"}}]}<\/script>\n<!-- \/ Yoast SEO plugin. -->","yoast_head_json":{"title":"PWA - teatro Trianon Viviani","robots":{"index":"index","follow":"follow","max-snippet":"max-snippet:-1","max-image-preview":"max-image-preview:large","max-video-preview":"max-video-preview:-1"},"canonical":"https:\/\/www.teatrotrianon.org\/en\/pwa\/","og_locale":"en_US","og_type":"article","og_title":"PWA - teatro Trianon Viviani","og_description":"Con il termine Progressive Web App (PWA, in italiano applicazione web progressiva) si riferisce ad applicazioni web che vengono sviluppate e caricate come normali pagine web, ma che si comportano in modo simile alle applicazioni native per cellulari quando utilizzate su un dispositivo mobile. Questo modello di applicazioni cerca di combinare le possibilit\u00e0 offerte dalla","og_url":"https:\/\/www.teatrotrianon.org\/en\/pwa\/","og_site_name":"teatro Trianon Viviani","og_image":[{"width":1900,"height":680,"url":"https:\/\/www.teatrotrianon.org\/wp-content\/uploads\/2021\/01\/trianon_applicazione_pwa_adagio.jpg","type":"image\/jpeg"}],"twitter_card":"summary_large_image","twitter_misc":{"Est. reading time":"1 minute"},"schema":{"@context":"https:\/\/schema.org","@graph":[{"@type":"WebPage","@id":"https:\/\/www.teatrotrianon.org\/en\/pwa\/","url":"https:\/\/www.teatrotrianon.org\/en\/pwa\/","name":"PWA - teatro Trianon Viviani","isPartOf":{"@id":"https:\/\/www.teatrotrianon.org\/en\/#website"},"primaryImageOfPage":{"@id":"https:\/\/www.teatrotrianon.org\/en\/pwa\/#primaryimage"},"image":{"@id":"https:\/\/www.teatrotrianon.org\/en\/pwa\/#primaryimage"},"thumbnailUrl":"https:\/\/www.teatrotrianon.org\/wp-content\/uploads\/2021\/01\/trianon_applicazione_pwa_adagio.jpg","datePublished":"2020-11-24T08:28:08+00:00","breadcrumb":{"@id":"https:\/\/www.teatrotrianon.org\/en\/pwa\/#breadcrumb"},"inLanguage":"en-US","potentialAction":[{"@type":"ReadAction","target":["https:\/\/www.teatrotrianon.org\/en\/pwa\/"]}]},{"@type":"ImageObject","inLanguage":"en-US","@id":"https:\/\/www.teatrotrianon.org\/en\/pwa\/#primaryimage","url":"https:\/\/www.teatrotrianon.org\/wp-content\/uploads\/2021\/01\/trianon_applicazione_pwa_adagio.jpg","contentUrl":"https:\/\/www.teatrotrianon.org\/wp-content\/uploads\/2021\/01\/trianon_applicazione_pwa_adagio.jpg","width":1900,"height":680},{"@type":"BreadcrumbList","@id":"https:\/\/www.teatrotrianon.org\/en\/pwa\/#breadcrumb","itemListElement":[{"@type":"ListItem","position":1,"name":"Home","item":"https:\/\/www.teatrotrianon.org\/en\/"},{"@type":"ListItem","position":2,"name":"PWA"}]},{"@type":"WebSite","@id":"https:\/\/www.teatrotrianon.org\/en\/#website","url":"https:\/\/www.teatrotrianon.org\/en\/","name":"teatro Trianon Viviani","description":"il teatro della Canzone napoletana","publisher":{"@id":"https:\/\/www.teatrotrianon.org\/en\/#organization"},"potentialAction":[{"@type":"SearchAction","target":{"@type":"EntryPoint","urlTemplate":"https:\/\/www.teatrotrianon.org\/en\/?s={search_term_string}"},"query-input":{"@type":"PropertyValueSpecification","valueRequired":true,"valueName":"search_term_string"}}],"inLanguage":"en-US"},{"@type":"Organization","@id":"https:\/\/www.teatrotrianon.org\/en\/#organization","name":"Fondazione TRIANON VIVIANI","url":"https:\/\/www.teatrotrianon.org\/en\/","logo":{"@type":"ImageObject","inLanguage":"en-US","@id":"https:\/\/www.teatrotrianon.org\/en\/#\/schema\/logo\/image\/","url":"https:\/\/www.teatrotrianon.org\/wp-content\/uploads\/2020\/10\/logo_trianon.png","contentUrl":"https:\/\/www.teatrotrianon.org\/wp-content\/uploads\/2020\/10\/logo_trianon.png","width":254,"height":254,"caption":"Fondazione TRIANON VIVIANI"},"image":{"@id":"https:\/\/www.teatrotrianon.org\/en\/#\/schema\/logo\/image\/"}}]}},"_links":{"self":[{"href":"https:\/\/www.teatrotrianon.org\/en\/wp-json\/wp\/v2\/pages\/523","targetHints":{"allow":["GET"]}}],"collection":[{"href":"https:\/\/www.teatrotrianon.org\/en\/wp-json\/wp\/v2\/pages"}],"about":[{"href":"https:\/\/www.teatrotrianon.org\/en\/wp-json\/wp\/v2\/types\/page"}],"author":[{"embeddable":true,"href":"https:\/\/www.teatrotrianon.org\/en\/wp-json\/wp\/v2\/users\/2"}],"replies":[{"embeddable":true,"href":"https:\/\/www.teatrotrianon.org\/en\/wp-json\/wp\/v2\/comments?post=523"}],"version-history":[{"count":1,"href":"https:\/\/www.teatrotrianon.org\/en\/wp-json\/wp\/v2\/pages\/523\/revisions"}],"predecessor-version":[{"id":562,"href":"https:\/\/www.teatrotrianon.org\/en\/wp-json\/wp\/v2\/pages\/523\/revisions\/562"}],"wp:featuredmedia":[{"embeddable":true,"href":"https:\/\/www.teatrotrianon.org\/en\/wp-json\/wp\/v2\/media\/1456"}],"wp:attachment":[{"href":"https:\/\/www.teatrotrianon.org\/en\/wp-json\/wp\/v2\/media?parent=523"}],"curies":[{"name":"wp","href":"https:\/\/api.w.org\/{rel}","templated":true}]}}